{"id":2910,"date":"2021-02-19T09:18:48","date_gmt":"2021-02-19T08:18:48","guid":{"rendered":"https:\/\/vimsa.co.cr\/history\/"},"modified":"2021-02-19T11:19:04","modified_gmt":"2021-02-19T10:19:04","slug":"history","status":"publish","type":"page","link":"https:\/\/vimsa.co.cr\/en\/history\/","title":{"rendered":"History"},"content":{"rendered":"<div class=\"wpb-content-wrapper\"><p>[vc_row full_width=&#8221;stretch_row&#8221; content_placement=&#8221;top&#8221; css=&#8221;.vc_custom_1613723085860{padding-top: 100px !important;padding-bottom: 100px !important;background-image: url(https:\/\/vimsa.co.cr\/wp-content\/uploads\/2020\/12\/DSC_0082-1.jpg?id=2759) !important;background-position: center !important;background-repeat: no-repeat !important;background-size: cover !important;}&#8221;][vc_column width=&#8221;1\/2&#8243;][vc_column_text][\/vc_column_text][\/vc_column][vc_column width=&#8221;1\/2&#8243;][vc_custom_heading text=&#8221;&#8221; font_container=&#8221;tag:h1|font_size:60|text_align:right|color:%23ffffff&#8221; use_theme_fonts=&#8221;yes&#8221; css=&#8221;.vc_custom_1608199759776{margin-top: 0px !important;}&#8221;][\/vc_column][\/vc_row][vc_row css=&#8221;.vc_custom_1605873001340{margin-top: 80px !important;margin-bottom: 60px !important;}&#8221;][vc_column width=&#8221;1\/3&#8243;][vc_custom_heading text=&#8221;Our history&#8221; font_container=&#8221;tag:h3|font_size:40|text_align:center&#8221; google_fonts=&#8221;font_family:Raleway%3A100%2C200%2C300%2Cregular%2C500%2C600%2C700%2C800%2C900|font_style:400%20regular%3A400%3Anormal&#8221;][vc_empty_space][\/vc_column][vc_column width=&#8221;1\/3&#8243;][vc_column_text]Nos encontramos localizados en Costa Rica y nos especializamos en la construcci\u00f3n de espacios comerciales y de servicios: Bancos, Restaurantes, Colegios, Supermercado, oficinas y vivienda.<\/p>\n<p>La empresa surge el a\u00f1o 1991 prestando servicios de consultor\u00eda, Direcci\u00f3n t\u00e9cnica de proyectos, aval\u00faos asociados a requerimientos bancarios hasta el a\u00f1o 1999. \u00a0A partir del a\u00f1o 2000 se dedic\u00f3 a la construcci\u00f3n de obras comerciales, industriales y residenciales.[\/vc_column_text][\/vc_column][vc_column width=&#8221;1\/3&#8243;][vc_column_text]Our first project was a renovation of 3 warehouses to make them a 3000 m2 bookstore. Throughout these years, the company had provided services for both local and transnational companies.[\/vc_column_text][\/vc_column][\/vc_row][vc_row full_width=&#8221;stretch_row&#8221; equal_height=&#8221;yes&#8221; content_placement=&#8221;middle&#8221; css=&#8221;.vc_custom_1606906888489{background-color: #0087b5 !important;}&#8221;][vc_column width=&#8221;5\/6&#8243;][vc_column_text el_class=&#8221;banner-text&#8221;]<\/p>\n<h4 style=\"color: #fff;\">\u00bfEst\u00e1s buscando una empresa constructora para tu proyecto?<\/h4>\n<p>[\/vc_column_text][\/vc_column][vc_column width=&#8221;1\/6&#8243;][vc_btn title=&#8221;Contact us&#8221; style=&#8221;flat&#8221; shape=&#8221;round&#8221; color=&#8221;white&#8221; align=&#8221;center&#8221; button_block=&#8221;true&#8221; css=&#8221;.vc_custom_1606906839017{padding-bottom: 12px !important;}&#8221; el_class=&#8221;get-a-quote-button&#8221; link=&#8221;url:https%3A%2F%2Fvimsa.co.cr%2Fcontact-us%2F%3Flang%3Den|&#8221;][\/vc_column][\/vc_row][vc_row full_width=&#8221;stretch_row_content_no_spaces&#8221; content_placement=&#8221;middle&#8221; parallax=&#8221;content-moving-fade&#8221; parallax_image=&#8221;2671&#8243; css=&#8221;.vc_custom_1607075132498{background-position: 0 0;background-repeat:-repeat !important;}&#8221;][vc_column][vc_row_inner css=&#8221;.vc_custom_1507719147075{padding-top: 35px !important;padding-bottom: 35px !important;}&#8221;][vc_column_inner width=&#8221;1\/2&#8243;][vc_custom_heading text=&#8221;Project and construction management experts&#8221; font_container=&#8221;tag:h2|font_size:54|text_align:left|color:%23ffffff|line_height:1.2&#8243; use_theme_fonts=&#8221;yes&#8221; el_class=&#8221;expertos-heading&#8221;][vc_column_text]<span style=\"color: #ffffff;\">We are a construction company, general contractor and we execute new construction projects and remodelling work.<\/span>[\/vc_column_text][vc_btn title=&#8221;GET TO KNOW US&#8221; shape=&#8221;round&#8221; color=&#8221;white&#8221; link=&#8221;url:https%3A%2F%2Fvimsa.co.cr%2Fcontact-us%2F%3Flang%3Den|title:Get%20to%20know%20us|&#8221;][\/vc_column_inner][vc_column_inner width=&#8221;1\/2&#8243;][\/vc_column_inner][\/vc_row_inner][\/vc_column][\/vc_row][vc_row css=&#8221;.vc_custom_1507719318308{padding-top: 35px !important;padding-bottom: 35px !important;}&#8221;][vc_column][vc_empty_space][lab_heading title=&#8221;News&#8221;]The latest news in our sector[\/lab_heading][vc_empty_space][lab_blog_posts blog_posts_options=&#8221;date&#8221; hover_layer_icon=&#8221;custom&#8221; more_link=&#8221;url:https%3A%2F%2Fdemo-content.kaliumtheme.com%2Fconstruction%2Fnews%2F|&#8221; blog_query=&#8221;size:3|order_by:date|post_type:,post&#8221; image_size=&#8221;520&#215;416&#8243; css=&#8221;.vc_custom_1508325508189{margin-bottom: 0px !important;}&#8221; el_class=&#8221;blog-news-hide-excerpt&#8221;][\/vc_column][\/vc_row][vc_row full_width=&#8221;stretch_row_content_no_spaces&#8221; css=&#8221;.vc_custom_1606997313898{padding-top: 0px !important;padding-bottom: 0px !important;background: #0087b5 url(https:\/\/vimsa.co.cr\/wp-content\/uploads\/2017\/10\/map-1.png?id=1791) !important;background-position: center !important;background-repeat: no-repeat !important;background-size: cover !important;}&#8221; el_class=&#8221;seccion-experiencia&#8221;][vc_column][vc_row_inner content_placement=&#8221;middle&#8221; el_class=&#8221;information-row&#8221;][vc_column_inner width=&#8221;1\/2&#8243;][vc_empty_space][vc_custom_heading text=&#8221;Experience and efficiency&#8221; font_container=&#8221;tag:h2|text_align:left|color:%23ffffff|line_height:1&#8243; use_theme_fonts=&#8221;yes&#8221;][vc_column_text]<span style=\"color: #ffffff;\">Todos los proyectos ejecutados por nuestra empresa se enfocan dentro de pol\u00edticas de eficiencia, calidad, cumplimiento de plazos, desarrollo de nuestro personal y cuidado del medio ambiente. Nuestros clientes son:<\/span><\/p>\n<ul>\n<li><span style=\"color: #ffffff;\">Bancos<\/span><\/li>\n<li><span style=\"color: #ffffff;\">Centros comerciales<\/span><\/li>\n<li><span style=\"color: #ffffff;\">Restaurantes<\/span><\/li>\n<li><span style=\"color: #ffffff;\">Oficinas<\/span><\/li>\n<li><span style=\"color: #ffffff;\">Naves y plantas industriales<\/span><\/li>\n<li><span style=\"color: #ffffff;\">Supermercados<\/span><\/li>\n<\/ul>\n<p>[\/vc_column_text][\/vc_column_inner][vc_column_inner width=&#8221;1\/2&#8243;][vc_btn title=&#8221;SEE PROJECTS \u00bb&#8221; shape=&#8221;round&#8221; color=&#8221;white&#8221; align=&#8221;right&#8221; link=&#8221;url:https%3A%2F%2Fvimsa.co.cr%2Four-projects%2F%3Flang%3Den|title:Projects|&#8221; el_class=&#8221;see-more-button&#8221;][vc_empty_space][\/vc_column_inner][\/vc_row_inner][\/vc_column][\/vc_row]<\/p>\n<\/div>","protected":false},"excerpt":{"rendered":"<p>[vc_row full_width=&#8221;stretch_row&#8221; content_placement=&#8221;top&#8221; css=&#8221;.vc_custom_1613723085860{padding-top: 100px !important;padding-bottom: 100px !important;background-image: url(https:\/\/vimsa.co.cr\/wp-content\/uploads\/2020\/12\/DSC_0082-1.jpg?id=2759) !important;background-position: center !important;background-repeat: no-repeat !important;background-size: cover !important;}&#8221;][vc_column width=&#8221;1\/2&#8243;][vc_column_text][\/vc_column_text][\/vc_column][vc_column width=&#8221;1\/2&#8243;][vc_custom_heading text=&#8221;&#8221; font_container=&#8221;tag:h1|font_size:60|text_align:right|color:%23ffffff&#8221; use_theme_fonts=&#8221;yes&#8221; css=&#8221;.vc_custom_1608199759776{margin-top: 0px !important;}&#8221;][\/vc_column][\/vc_row][vc_row css=&#8221;.vc_custom_1605873001340{margin-top: 80px !important;margin-bottom: 60px !important;}&#8221;][vc_column width=&#8221;1\/3&#8243;][vc_custom_heading text=&#8221;Our history&#8221; font_container=&#8221;tag:h3|font_size:40|text_align:center&#8221; google_fonts=&#8221;font_family:Raleway%3A100%2C200%2C300%2Cregular%2C500%2C600%2C700%2C800%2C900|font_style:400%20regular%3A400%3Anormal&#8221;][vc_empty_space][\/vc_column][vc_column width=&#8221;1\/3&#8243;][vc_column_text]Nos encontramos localizados en Costa Rica y nos especializamos en la construcci\u00f3n de espacios comerciales y de servicios: Bancos, Restaurantes, Colegios,&hellip;<\/p>\n","protected":false},"author":2,"featured_media":0,"parent":0,"menu_order":0,"comment_status":"closed","ping_status":"closed","template":"","meta":[],"acf":[],"_links":{"self":[{"href":"https:\/\/vimsa.co.cr\/en\/wp-json\/wp\/v2\/pages\/2910"}],"collection":[{"href":"https:\/\/vimsa.co.cr\/en\/wp-json\/wp\/v2\/pages"}],"about":[{"href":"https:\/\/vimsa.co.cr\/en\/wp-json\/wp\/v2\/types\/page"}],"author":[{"embeddable":true,"href":"https:\/\/vimsa.co.cr\/en\/wp-json\/wp\/v2\/users\/2"}],"replies":[{"embeddable":true,"href":"https:\/\/vimsa.co.cr\/en\/wp-json\/wp\/v2\/comments?post=2910"}],"version-history":[{"count":4,"href":"https:\/\/vimsa.co.cr\/en\/wp-json\/wp\/v2\/pages\/2910\/revisions"}],"predecessor-version":[{"id":3104,"href":"https:\/\/vimsa.co.cr\/en\/wp-json\/wp\/v2\/pages\/2910\/revisions\/3104"}],"wp:attachment":[{"href":"https:\/\/vimsa.co.cr\/en\/wp-json\/wp\/v2\/media?parent=2910"}],"curies":[{"name":"wp","href":"https:\/\/api.w.org\/{rel}","templated":true}]}}