{"id":2929,"date":"2021-02-19T09:57:34","date_gmt":"2021-02-19T08:57:34","guid":{"rendered":"https:\/\/vimsa.co.cr\/services\/"},"modified":"2021-02-19T11:20:22","modified_gmt":"2021-02-19T10:20:22","slug":"services","status":"publish","type":"page","link":"https:\/\/vimsa.co.cr\/en\/services\/","title":{"rendered":"Services"},"content":{"rendered":"<div class=\"wpb-content-wrapper\"><p>[vc_row full_width=&#8221;stretch_row_content_no_spaces&#8221; css=&#8221;.vc_custom_1605265247144{padding-top: 50px !important;padding-bottom: 50px !important;background-color: #009dc4 !important;background-position: center !important;background-repeat: no-repeat !important;background-size: cover !important;}&#8221; el_class=&#8221;title-banner&#8221;][vc_column][vc_row_inner][vc_column_inner width=&#8221;2\/3&#8243;][vc_column_text css_animation=&#8221;top-to-bottom&#8221;]<\/p>\n<h2 style=\"text-align: left;\"><span style=\"color: #ffffff;\">Servicios<\/span><\/h2>\n<p style=\"text-align: left;\"><span style=\"color: #ffffff;\">Nuestra empresa brinda la flexibilidad de trabajar de acuerdo a sus necesidades. Ofrecemos los servicios<\/span><\/p>\n<p>[\/vc_column_text][\/vc_column_inner][vc_column_inner width=&#8221;1\/6&#8243;][\/vc_column_inner][vc_column_inner width=&#8221;1\/6&#8243;][\/vc_column_inner][\/vc_row_inner][\/vc_column][\/vc_row][vc_row equal_height=&#8221;yes&#8221; css=&#8221;.vc_custom_1508419478458{margin-bottom: 0px !important;}&#8221;][vc_column css_animation=&#8221;none&#8221; width=&#8221;1\/2&#8243; el_class=&#8221;service-column&#8221;][vc_custom_heading text=&#8221;Pre-Construction&#8221; font_container=&#8221;tag:h1|text_align:left&#8221; use_theme_fonts=&#8221;yes&#8221; css=&#8221;.vc_custom_1605264885226{padding-bottom: 10px !important;}&#8221; el_class=&#8221;service-title-size&#8221;][vc_column_text]Preliminary designs, costs and constructability are analized and studied in detail[\/vc_column_text][\/vc_column][vc_column css_animation=&#8221;none&#8221; width=&#8221;1\/2&#8243; css=&#8221;.vc_custom_1605265100004{padding-top: 100px !important;padding-bottom: 100px !important;background-image: url(https:\/\/vimsa.co.cr\/wp-content\/uploads\/2020\/11\/WhatsApp-Image-2020-11-03-at-11.33.48-1.jpeg?id=2180) !important;background-position: center !important;background-repeat: no-repeat !important;background-size: cover !important;}&#8221;][\/vc_column][\/vc_row][vc_row equal_height=&#8221;yes&#8221; css_animation=&#8221;none&#8221; el_class=&#8221;on-mobile-column-reverse&#8221;][vc_column css_animation=&#8221;none&#8221; width=&#8221;1\/2&#8243; css=&#8221;.vc_custom_1605265345751{padding-top: 100px !important;padding-bottom: 100px !important;background-image: url(https:\/\/vimsa.co.cr\/wp-content\/uploads\/2020\/11\/interior-o_47-scaled.jpg?id=2181) !important;background-position: center !important;background-repeat: no-repeat !important;background-size: cover !important;}&#8221;][\/vc_column][vc_column css_animation=&#8221;none&#8221; width=&#8221;1\/2&#8243; el_class=&#8221;service-column&#8221;][vc_custom_heading text=&#8221;Estimations&#8221; font_container=&#8221;tag:h1|text_align:left&#8221; use_theme_fonts=&#8221;yes&#8221; css=&#8221;.vc_custom_1605265269791{padding-bottom: 10px !important;}&#8221; el_class=&#8221;service-title-size&#8221;][vc_column_text]Detailed estimations of architectural, electromechanical, structural, and specialty systems work and materials required to execute projects[\/vc_column_text][\/vc_column][\/vc_row][vc_row equal_height=&#8221;yes&#8221; css=&#8221;.vc_custom_1506525084379{margin-bottom: 0px !important;}&#8221;][vc_column width=&#8221;1\/2&#8243; el_class=&#8221;service-column&#8221;][vc_custom_heading text=&#8221;Value Engineering&#8221; font_container=&#8221;tag:h1|text_align:left&#8221; use_theme_fonts=&#8221;yes&#8221; css=&#8221;.vc_custom_1605265363515{padding-bottom: 10px !important;}&#8221; el_class=&#8221;service-title-size&#8221;][vc_column_text]Process of analysing alternatives of materials, construction systems, within the market to better suit costs and quality needs.[\/vc_column_text][\/vc_column][vc_column width=&#8221;1\/2&#8243; css=&#8221;.vc_custom_1605265422050{padding-top: 100px !important;padding-bottom: 100px !important;background-image: url(https:\/\/vimsa.co.cr\/wp-content\/uploads\/2020\/11\/2013-09-04-09.41.41-scaled.jpg?id=2182) !important;background-position: center !important;background-repeat: no-repeat !important;background-size: cover !important;}&#8221;][\/vc_column][\/vc_row][vc_row equal_height=&#8221;yes&#8221; el_class=&#8221;on-mobile-column-reverse&#8221;][vc_column width=&#8221;1\/2&#8243; css=&#8221;.vc_custom_1613725435911{padding-top: 100px !important;padding-bottom: 100px !important;background-image: url(https:\/\/vimsa.co.cr\/wp-content\/uploads\/2020\/12\/2013-09-04-11.38.59-scaled.jpg?id=2542) !important;background-position: center !important;background-repeat: no-repeat !important;background-size: cover !important;}&#8221;][\/vc_column][vc_column width=&#8221;1\/2&#8243; el_class=&#8221;service-column&#8221;][vc_custom_heading text=&#8221;Design and Build&#8221; font_container=&#8221;tag:h1|text_align:left&#8221; use_theme_fonts=&#8221;yes&#8221; css=&#8221;.vc_custom_1605265444970{padding-bottom: 10px !important;}&#8221; el_class=&#8221;service-title-size&#8221;][vc_column_text]<\/p>\n<p style=\"text-align: left;\">En alianza con empresas reconocidas de consultor\u00eda ofrecemos el servicio de dise\u00f1o y construcci\u00f3n reduciendo plazos y costos de los diferentes procesos para la entrada en operaci\u00f3n de proyectos.<\/p>\n<p>[\/vc_column_text][\/vc_column][\/vc_row][vc_row equal_height=&#8221;yes&#8221; css=&#8221;.vc_custom_1506525084379{margin-bottom: 0px !important;}&#8221;][vc_column width=&#8221;1\/2&#8243; el_class=&#8221;service-column&#8221;][vc_custom_heading text=&#8221;General construction Contractor&#8221; font_container=&#8221;tag:h1|text_align:left&#8221; use_theme_fonts=&#8221;yes&#8221; css=&#8221;.vc_custom_1605265873270{padding-bottom: 10px !important;}&#8221; el_class=&#8221;service-title-size&#8221;][vc_column_text]<\/p>\n<p style=\"text-align: left;\">por suma alzada o contrato, aportando el cliente los planos y especificaciones, donde se define claramente el alcance de todos los trabajos.<\/p>\n<p>[\/vc_column_text][\/vc_column][vc_column width=&#8221;1\/2&#8243; css=&#8221;.vc_custom_1605265984151{padding-top: 100px !important;padding-bottom: 100px !important;background-image: url(https:\/\/vimsa.co.cr\/wp-content\/uploads\/2020\/11\/DSC_5137.jpg?id=2184) !important;background-position: center !important;background-repeat: no-repeat !important;background-size: cover !important;}&#8221;][\/vc_column][\/vc_row][vc_row equal_height=&#8221;yes&#8221; el_class=&#8221;on-mobile-column-reverse&#8221;][vc_column width=&#8221;1\/2&#8243; css=&#8221;.vc_custom_1605266103558{padding-top: 100px !important;padding-bottom: 100px !important;background-image: url(https:\/\/vimsa.co.cr\/wp-content\/uploads\/2020\/11\/94b5c577-0279-46f5-a755-dc5916f291c6.jpg?id=2185) !important;background-position: center !important;background-repeat: no-repeat !important;background-size: cover !important;}&#8221;][\/vc_column][vc_column width=&#8221;1\/2&#8243; el_class=&#8221;service-column&#8221;][vc_custom_heading text=&#8221;Time and materials contracts&#8221; font_container=&#8221;tag:h1|text_align:left&#8221; use_theme_fonts=&#8221;yes&#8221; css=&#8221;.vc_custom_1605266005246{padding-bottom: 10px !important;}&#8221; el_class=&#8221;service-title-size&#8221;][vc_column_text]This work configuration allows flexibility while executing the job in scenarios where scope is not completely defined or is often modified for a variety of reasons. It works by reimbursing direct costs and a margin percentage negotiated between the client and the builder.[\/vc_column_text][\/vc_column][\/vc_row][vc_row full_width=&#8221;stretch_row&#8221; equal_height=&#8221;yes&#8221; content_placement=&#8221;middle&#8221; css=&#8221;.vc_custom_1606906888489{background-color: #0087b5 !important;}&#8221;][vc_column width=&#8221;5\/6&#8243;][vc_column_text el_class=&#8221;banner-text&#8221;]<\/p>\n<h4 style=\"color: #fff;\">\u00bfEst\u00e1s buscando una empresa constructora para tu proyecto?<\/h4>\n<p>[\/vc_column_text][\/vc_column][vc_column width=&#8221;1\/6&#8243;][vc_btn title=&#8221;Contact us&#8221; style=&#8221;flat&#8221; shape=&#8221;round&#8221; color=&#8221;white&#8221; align=&#8221;center&#8221; button_block=&#8221;true&#8221; css=&#8221;.vc_custom_1606906839017{padding-bottom: 12px !important;}&#8221; el_class=&#8221;get-a-quote-button&#8221; link=&#8221;url:https%3A%2F%2Fvimsa.co.cr%2Fcontact-us%2F%3Flang%3Den|&#8221;][\/vc_column][\/vc_row][vc_row full_width=&#8221;stretch_row_content_no_spaces&#8221; content_placement=&#8221;middle&#8221; parallax=&#8221;content-moving-fade&#8221; parallax_image=&#8221;2671&#8243; css=&#8221;.vc_custom_1607075405689{background-position: center;background-repeat: no-repeat;background-size: cover !important;}&#8221;][vc_column][vc_row_inner css=&#8221;.vc_custom_1507719147075{padding-top: 35px !important;padding-bottom: 35px !important;}&#8221;][vc_column_inner width=&#8221;1\/2&#8243;][vc_custom_heading text=&#8221;Project and construction management experts&#8221; font_container=&#8221;tag:h2|font_size:54|text_align:left|color:%23ffffff|line_height:1.2&#8243; use_theme_fonts=&#8221;yes&#8221; el_class=&#8221;expertos-heading&#8221;][vc_column_text]<span style=\"color: #ffffff;\">We are a construction company, general contractor and we execute new construction projects and remodelling work.<\/span>[\/vc_column_text][vc_btn title=&#8221;GET TO KNOW US&#8221; shape=&#8221;round&#8221; color=&#8221;white&#8221; link=&#8221;url:https%3A%2F%2Fvimsa.co.cr%2Fwho-we-are%2F%3Flang%3Den|title:Get%20to%20know%20us|&#8221;][\/vc_column_inner][vc_column_inner width=&#8221;1\/2&#8243;][\/vc_column_inner][\/vc_row_inner][\/vc_column][\/vc_row][vc_row css=&#8221;.vc_custom_1507719318308{padding-top: 35px !important;padding-bottom: 35px !important;}&#8221;][vc_column][vc_empty_space][lab_heading title=&#8221;News&#8221;]The latest news in our sector[\/lab_heading][vc_empty_space][lab_blog_posts blog_posts_options=&#8221;date&#8221; hover_layer_icon=&#8221;custom&#8221; more_link=&#8221;url:https%3A%2F%2Fdemo-content.kaliumtheme.com%2Fconstruction%2Fnews%2F|&#8221; blog_query=&#8221;size:3|order_by:date|post_type:,post&#8221; image_size=&#8221;520&#215;416&#8243; css=&#8221;.vc_custom_1508325508189{margin-bottom: 0px !important;}&#8221; el_class=&#8221;blog-news-hide-excerpt&#8221;][\/vc_column][\/vc_row][vc_row full_width=&#8221;stretch_row_content_no_spaces&#8221; css=&#8221;.vc_custom_1606997313898{padding-top: 0px !important;padding-bottom: 0px !important;background: #0087b5 url(https:\/\/vimsa.co.cr\/wp-content\/uploads\/2017\/10\/map-1.png?id=1791) !important;background-position: center !important;background-repeat: no-repeat !important;background-size: cover !important;}&#8221; el_class=&#8221;seccion-experiencia&#8221;][vc_column][vc_row_inner content_placement=&#8221;middle&#8221; el_class=&#8221;information-row&#8221;][vc_column_inner width=&#8221;1\/2&#8243;][vc_empty_space][vc_custom_heading text=&#8221;Experience and efficiency&#8221; font_container=&#8221;tag:h2|text_align:left|color:%23ffffff|line_height:1&#8243; use_theme_fonts=&#8221;yes&#8221;][vc_column_text]<span style=\"color: #ffffff;\">Todos los proyectos ejecutados por nuestra empresa se enfocan dentro de pol\u00edticas de eficiencia, calidad, cumplimiento de plazos, desarrollo de nuestro personal y cuidado del medio ambiente. Nuestros clientes son:<\/span><\/p>\n<ul>\n<li><span style=\"color: #ffffff;\">Bancos<\/span><\/li>\n<li><span style=\"color: #ffffff;\">Centros comerciales<\/span><\/li>\n<li><span style=\"color: #ffffff;\">Restaurantes<\/span><\/li>\n<li><span style=\"color: #ffffff;\">Oficinas<\/span><\/li>\n<li><span style=\"color: #ffffff;\">Naves y plantas industriales<\/span><\/li>\n<li><span style=\"color: #ffffff;\">Supermercados<\/span><\/li>\n<\/ul>\n<p>[\/vc_column_text][\/vc_column_inner][vc_column_inner width=&#8221;1\/2&#8243;][vc_btn title=&#8221;SEE PROJECTS \u00bb&#8221; shape=&#8221;round&#8221; color=&#8221;white&#8221; align=&#8221;right&#8221; link=&#8221;url:https%3A%2F%2Fvimsa.co.cr%2Four-projects%2F%3Flang%3Den|title:Projects|&#8221; el_class=&#8221;see-more-button&#8221;][vc_empty_space][\/vc_column_inner][\/vc_row_inner][\/vc_column][\/vc_row]<\/p>\n<\/div>","protected":false},"excerpt":{"rendered":"<p>[vc_row full_width=&#8221;stretch_row_content_no_spaces&#8221; css=&#8221;.vc_custom_1605265247144{padding-top: 50px !important;padding-bottom: 50px !important;background-color: #009dc4 !important;background-position: center !important;background-repeat: no-repeat !important;background-size: cover !important;}&#8221; el_class=&#8221;title-banner&#8221;][vc_column][vc_row_inner][vc_column_inner width=&#8221;2\/3&#8243;][vc_column_text css_animation=&#8221;top-to-bottom&#8221;] Servicios Nuestra empresa brinda la flexibilidad de trabajar de acuerdo a sus necesidades. Ofrecemos los servicios [\/vc_column_text][\/vc_column_inner][vc_column_inner width=&#8221;1\/6&#8243;][\/vc_column_inner][vc_column_inner width=&#8221;1\/6&#8243;][\/vc_column_inner][\/vc_row_inner][\/vc_column][\/vc_row][vc_row equal_height=&#8221;yes&#8221; css=&#8221;.vc_custom_1508419478458{margin-bottom: 0px !important;}&#8221;][vc_column css_animation=&#8221;none&#8221; width=&#8221;1\/2&#8243; el_class=&#8221;service-column&#8221;][vc_custom_heading text=&#8221;Pre-Construction&#8221; font_container=&#8221;tag:h1|text_align:left&#8221; use_theme_fonts=&#8221;yes&#8221; css=&#8221;.vc_custom_1605264885226{padding-bottom: 10px !important;}&#8221; el_class=&#8221;service-title-size&#8221;][vc_column_text]Preliminary designs, costs and constructability&hellip;<\/p>\n","protected":false},"author":2,"featured_media":0,"parent":0,"menu_order":0,"comment_status":"closed","ping_status":"closed","template":"","meta":[],"acf":[],"_links":{"self":[{"href":"https:\/\/vimsa.co.cr\/en\/wp-json\/wp\/v2\/pages\/2929"}],"collection":[{"href":"https:\/\/vimsa.co.cr\/en\/wp-json\/wp\/v2\/pages"}],"about":[{"href":"https:\/\/vimsa.co.cr\/en\/wp-json\/wp\/v2\/types\/page"}],"author":[{"embeddable":true,"href":"https:\/\/vimsa.co.cr\/en\/wp-json\/wp\/v2\/users\/2"}],"replies":[{"embeddable":true,"href":"https:\/\/vimsa.co.cr\/en\/wp-json\/wp\/v2\/comments?post=2929"}],"version-history":[{"count":4,"href":"https:\/\/vimsa.co.cr\/en\/wp-json\/wp\/v2\/pages\/2929\/revisions"}],"predecessor-version":[{"id":3112,"href":"https:\/\/vimsa.co.cr\/en\/wp-json\/wp\/v2\/pages\/2929\/revisions\/3112"}],"wp:attachment":[{"href":"https:\/\/vimsa.co.cr\/en\/wp-json\/wp\/v2\/media?parent=2929"}],"curies":[{"name":"wp","href":"https:\/\/api.w.org\/{rel}","templated":true}]}}